{"id":512,"date":"2025-01-09T13:41:16","date_gmt":"2025-01-09T13:41:16","guid":{"rendered":"https:\/\/dataxogroup.com\/?page_id=512"},"modified":"2025-01-09T13:42:53","modified_gmt":"2025-01-09T13:42:53","slug":"jogi-nyilatkozat","status":"publish","type":"page","link":"https:\/\/dataxogroup.com\/en\/jogi-nyilatkozat\/","title":{"rendered":"Legal notice"},"content":{"rendered":"<style>.elementor-512 .elementor-element.elementor-element-2c1ebf9{--display:flex;--flex-direction:column;--container-widget-width:100%;--container-widget-height:initial;--container-widget-flex-grow:0;--container-widget-align-self:initial;--flex-wrap-mobile:wrap;--padding-top:40px;--padding-bottom:0px;--padding-left:0px;--padding-right:0px;}.elementor-512 .elementor-element.elementor-element-d268968{text-align:center;}:root{--page-title-display:none;}<\/style>\t\t<div data-elementor-type=\"wp-page\" data-elementor-id=\"512\" class=\"elementor elementor-512\" data-elementor-post-type=\"page\">\n\t\t\t\t<div class=\"elementor-element elementor-element-2c1ebf9 e-flex e-con-boxed e-con e-parent\" data-id=\"2c1ebf9\" data-element_type=\"container\" data-e-type=\"container\">\n\t\t\t\t\t<div class=\"e-con-inner\">\n\t\t\t\t<div class=\"elementor-element elementor-element-d268968 elementor-widget elementor-widget-heading\" data-id=\"d268968\" data-element_type=\"widget\" data-e-type=\"widget\" data-widget_type=\"heading.default\">\n\t\t\t\t\t<h1 class=\"elementor-heading-title elementor-size-default\">Legal notice<\/h1>\t\t\t\t<\/div>\n\t\t\t\t<div class=\"elementor-element elementor-element-934ad9c elementor-widget elementor-widget-text-editor\" data-id=\"934ad9c\" data-element_type=\"widget\" data-e-type=\"widget\" data-widget_type=\"text-editor.default\">\n\t\t\t\t\t\t\t\t\t<p>A weboldal haszn\u00e1lat\u00e1nak megkezd\u00e9s\u00e9vel valamennyi l\u00e1togat\u00f3 r\u00e1utal\u00f3 magatart\u00e1s \u00fatj\u00e1n elfogadja a jelen jogi nyilatkozatban foglalt valamennyi felt\u00e9telt.<\/p>\n<p>Jelen weboldal a <strong>Dataxo Group Z\u00e1rtk\u00f6r\u0171en M\u0171k\u00f6d\u0151 R\u00e9szv\u00e9nyt\u00e1rsas\u00e1g<ins> <\/ins><\/strong>&nbsp;(sz\u00e9khely: 1061 Budapest, Kir\u00e1ly u. 26.; c\u00e9gjegyz\u00e9ksz\u00e1m: 01-10-048265; ad\u00f3sz\u00e1m: 25070206-2-42; a tov\u00e1bbiakban: \u201e\u00dczemeltet\u0151\u201d) kezel\u00e9se alatt \u00e1ll.<\/p>\n<p>A weboldalon fellelhet\u0151 tartalmak eg\u00e9sze, illetve azok egyes r\u00e9szei, az \u00dczemeltet\u0151 szellemi tulajdon\u00e1t k\u00e9pezik. \u00dczemeltet\u0151 fenn\u00e1ll\u00f3 szellemi tulajdonjog\u00e1ra tekintettel a weboldalon fellelhet\u0151 tartalmakat szigor\u00faan tilos b\u00e1rmilyen form\u00e1ban felhaszn\u00e1lni az \u00dczemeltet\u0151 el\u0151zetes \u00edr\u00e1sbeli hozz\u00e1j\u00e1rul\u00e1sa n\u00e9lk\u00fcl, \u00edgy p\u00e9ld\u00e1ul de nem kiz\u00e1r\u00f3lagosan \u00e9rt\u00e9kes\u00edt\u00e9s c\u00e9lj\u00e1b\u00f3l k\u00f6zz\u00e9tenni, t\u00f6bbsz\u00f6r\u00f6zni, m\u00e1solni, eg\u00e9szben vagy r\u00e9szben felhaszn\u00e1lni, avagy azokat megm\u00e1s\u00edtani, illetve m\u00e1s m\u0171be belefoglalva felhaszn\u00e1lni.<\/p>\n<p>A weboldalon felhaszn\u00e1lt k\u00e9panyagok ugyancsak szerz\u0151i jogv\u00e9delem alatt \u00e1llnak, \u00edgy a szem\u00e9lyes \u00e9s nem kereskedelmi c\u00e9l\u00fa felhaszn\u00e1l\u00e1s opci\u00f3it lesz\u00e1m\u00edtva tilos azokat ak\u00e1r eredeti, ak\u00e1r \u00e1t\u00edrt form\u00e1ban b\u00e1rmilyen m\u00e9diumban k\u00f6z\u00f6lni, tov\u00e1bbadni, azokat r\u00e9szben vagy eg\u00e9szben a l\u00e1togat\u00f3 sz\u00e1m\u00edt\u00f3g\u00e9p\u00e9n t\u00e1rolni.<\/p>\n<p>A weboldal l\u00e1togat\u00f3ja a fellelhet\u0151 tartalmak egyes r\u00e9szeit t\u00e1j\u00e9koz\u00f3d\u00e1s c\u00e9lj\u00e1b\u00f3l a merevlemez\u00e9re mentheti, kinyomtathatja, nem jogosult ugyanakkor az ily m\u00f3don t\u00f6bbsz\u00f6r\u00f6z\u00f6tt tartalom b\u00e1rmely c\u00e9lb\u00f3l t\u00f6rt\u00e9n\u0151 \u00fajb\u00f3li felhaszn\u00e1l\u00e1s\u00e1ra, \u00edgy b\u00e1rmely form\u00e1ban t\u00f6rt\u00e9n\u0151 kereskedelmi forgalomba hozatal\u00e1ra.<\/p>\n<p>A weboldalr\u00f3l t\u00f6rt\u00e9n\u0151 tartalmak \u00e1tv\u00e9tele teh\u00e1t \u00fczemeltet\u0151i \u00edr\u00e1sos hozz\u00e1j\u00e1rul\u00e1s \u00fatj\u00e1n lehets\u00e9ges, azzal, hogy az \u00e1tvev\u0151 az adott inform\u00e1ci\u00f3t semmilyen esetben sem m\u00e1s\u00edthatja meg, tov\u00e1bb\u00e1 az adott oldalra t\u00f6rt\u00e9n\u0151 hivatkoz\u00e1st, mint forr\u00e1st, minden esetben felt\u00fcntetni k\u00f6teles a saj\u00e1t k\u00f6zl\u00e9s\u00e9ben.<\/p>\n<p>A jogosulatlan felhaszn\u00e1l\u00e1s b\u00fcntet\u0151- \u00e9s polg\u00e1ri jogi k\u00f6vetkezm\u00e9nyeket von maga ut\u00e1n, \u00edgy \u00dczemeltet\u0151 jogosult k\u00f6vetelni a jogs\u00e9rt\u00e9s abbahagy\u00e1s\u00e1t, tov\u00e1bb\u00e1 felmer\u00fcl\u0151 k\u00e1rainak megt\u00e9r\u00edt\u00e9s\u00e9t egyar\u00e1nt.<\/p>\n<p>A weboldalon tal\u00e1lhat\u00f3 bejegyz\u00e9sek a szerz\u0151i szakmai \u00e1ll\u00e1spontot, illetve mag\u00e1nv\u00e9lem\u00e9nyt t\u00fckr\u00f6znek, mely t\u00e9nyre tekintettel az \u00dczemeltet\u0151, a tartalmak szerkeszt\u0151i \u00e9s szerz\u0151i kiz\u00e1rj\u00e1k mindennem\u0171 felel\u0151ss\u00e9g\u00fcket az esetlegesen megjelen\u0151 inform\u00e1ci\u00f3ra vagy adatra alap\u00edtott d\u00f6nt\u00e9sekb\u0151l sz\u00e1rmaz\u00f3 b\u00e1rmilyen k\u00f6zvetlen vagy k\u00f6zvetett k\u00e1r\u00e9rt, illetve k\u00f6lts\u00e9g\u00e9rt egyar\u00e1nt.<\/p>\n<p>A szerkeszt\u0151s\u00e9g \u00e9s \u00dczemeltet\u0151 egyar\u00e1nt megk\u00fcl\u00f6nb\u00f6ztetett figyelmet ford\u00edtott arra, hogy t\u00e1rgyi tartalmak \u00f6ssze\u00e1ll\u00edt\u00e1sa sor\u00e1n kiz\u00e1r\u00f3lag olyan inform\u00e1ci\u00f3k, adatok ker\u00fcljenek felhaszn\u00e1l\u00e1sra, amelyek t\u00e1j\u00e9koztat\u00f3 jelleg\u0171ek \u00e9s megb\u00edzhat\u00f3 forr\u00e1sb\u00f3l sz\u00e1rmaznak, ugyanakkor az adatok esetleges hiteless\u00e9g\u00e9\u00e9rt \u00dczemeltet\u0151 nem v\u00e1llalja a felel\u0151ss\u00e9get.<\/p>\n<p>\u00dczemeltet\u0151 kiz\u00e1rja a felel\u0151ss\u00e9g\u00e9t azok\u00e9rt az esetlegesen bek\u00f6vetkez\u0151 k\u00e1rok\u00e9rt, vesztes\u00e9gek\u00e9rt, illetve k\u00f6lts\u00e9gek\u00e9rt, amelyek<\/p>\n<ul>\n<li>a weboldal haszn\u00e1lat\u00e1b\u00f3l,<\/li>\n<li>\u00fczemzavar\u00e1b\u00f3l,<\/li>\n<li>valamely okb\u00f3l bek\u00f6vetkez\u0151 haszn\u00e1latra k\u00e9ptelen \u00e1llapot\u00e1b\u00f3l,<\/li>\n<li>valamely okb\u00f3l bek\u00f6vetkez\u0151 nem megfelel\u0151 m\u0171k\u00f6d\u00e9s\u00e9b\u0151l,<\/li>\n<li>esetleges sz\u00e1m\u00edt\u00f3g\u00e9pes v\u00edrusb\u00f3l<\/li>\n<li>sz\u00e1m\u00edt\u00f3g\u00e9pes rendszerhib\u00e1b\u00f3l<\/li>\n<\/ul>\n<p>vagy b\u00e1rmely m\u00e1s hasonl\u00f3 okb\u00f3l sz\u00e1rmaznak.<\/p>\n<p>Ha b\u00e1rmilyen k\u00e9rd\u00e9se mer\u00fclne fel, az al\u00e1bbi el\u00e9rhet\u0151s\u00e9geken l\u00e9phet kapcsolatba vel\u00fcnk:<\/p>\n<p><strong>Dataxo Group Z\u00e1rtk\u00f6r\u0171en M\u0171k\u00f6d\u0151 R\u00e9szv\u00e9nyt\u00e1rsas\u00e1g<\/strong><\/p>\n<p><strong>postac\u00edm: 1061 Budapest, Kir\u00e1ly u. 26.<\/strong><\/p>\n<p><strong>e-mail c\u00edm: <a href=\"mailto:support@dataxogroup.com\">support@dataxogroup.com<\/a><\/strong><\/p>\n<p>\u00dczemeltet\u0151 fenntartja a jogot a jelen jogi nyilatkozat el\u0151zetes \u00e9rtes\u00edt\u00e9s n\u00e9lk\u00fcli m\u00f3dos\u00edt\u00e1s\u00e1ra \u00e9s megv\u00e1ltoztat\u00e1s\u00e1ra.<\/p>\n<p><strong>Dataxo Group Zrt.<\/strong><\/p>\t\t\t\t\t\t\t\t<\/div>\n\t\t\t\t\t<\/div>\n\t\t\t\t<\/div>\n\t\t\t\t<\/div>","protected":false},"excerpt":{"rendered":"<p>Jogi nyilatkozat A weboldal haszn\u00e1lat\u00e1nak megkezd\u00e9s\u00e9vel valamennyi l\u00e1togat\u00f3 r\u00e1utal\u00f3 magatart\u00e1s \u00fatj\u00e1n elfogadja a jelen jogi nyilatkozatban foglalt valamennyi felt\u00e9telt. Jelen weboldal a Dataxo Group Z\u00e1rtk\u00f6r\u0171en M\u0171k\u00f6d\u0151 R\u00e9szv\u00e9nyt\u00e1rsas\u00e1g &nbsp;(sz\u00e9khely: 1061 Budapest, Kir\u00e1ly u. 26.; c\u00e9gjegyz\u00e9ksz\u00e1m: 01-10-048265; ad\u00f3sz\u00e1m: 25070206-2-42; a tov\u00e1bbiakban: \u201e\u00dczemeltet\u0151\u201d) kezel\u00e9se alatt \u00e1ll. A weboldalon fellelhet\u0151 tartalmak eg\u00e9sze, illetve azok egyes r\u00e9szei, az \u00dczemeltet\u0151 szellemi [&hellip;]<\/p>\n","protected":false},"author":1,"featured_media":0,"parent":0,"menu_order":0,"comment_status":"closed","ping_status":"closed","template":"","meta":{"footnotes":""},"class_list":["post-512","page","type-page","status-publish","hentry"],"_links":{"self":[{"href":"https:\/\/dataxogroup.com\/en\/wp-json\/wp\/v2\/pages\/512","targetHints":{"allow":["GET"]}}],"collection":[{"href":"https:\/\/dataxogroup.com\/en\/wp-json\/wp\/v2\/pages"}],"about":[{"href":"https:\/\/dataxogroup.com\/en\/wp-json\/wp\/v2\/types\/page"}],"author":[{"embeddable":true,"href":"https:\/\/dataxogroup.com\/en\/wp-json\/wp\/v2\/users\/1"}],"replies":[{"embeddable":true,"href":"https:\/\/dataxogroup.com\/en\/wp-json\/wp\/v2\/comments?post=512"}],"version-history":[{"count":4,"href":"https:\/\/dataxogroup.com\/en\/wp-json\/wp\/v2\/pages\/512\/revisions"}],"predecessor-version":[{"id":516,"href":"https:\/\/dataxogroup.com\/en\/wp-json\/wp\/v2\/pages\/512\/revisions\/516"}],"wp:attachment":[{"href":"https:\/\/dataxogroup.com\/en\/wp-json\/wp\/v2\/media?parent=512"}],"curies":[{"name":"wp","href":"https:\/\/api.w.org\/{rel}","templated":true}]}}