{"id":101,"date":"2024-11-05T13:41:19","date_gmt":"2024-11-05T13:41:19","guid":{"rendered":"https:\/\/dataxogroup.com\/?page_id=101"},"modified":"2024-11-05T13:51:55","modified_gmt":"2024-11-05T13:51:55","slug":"teszt","status":"publish","type":"page","link":"https:\/\/dataxogroup.com\/en\/teszt\/","title":{"rendered":"teszt"},"content":{"rendered":"<style>.elementor-101 .elementor-element.elementor-element-4c28e6c{--display:flex;--flex-direction:column;--container-widget-width:100%;--container-widget-height:initial;--container-widget-flex-grow:0;--container-widget-align-self:initial;--flex-wrap-mobile:wrap;}.elementor-101 .elementor-element.elementor-element-4c28e6c:not(.elementor-motion-effects-element-type-background), .elementor-101 .elementor-element.elementor-element-4c28e6c > .elementor-motion-effects-container > .elementor-motion-effects-layer{background-color:var( --e-global-color-secondary );}.elementor-101 .elementor-element.elementor-element-485e257{text-align:center;margin:0px 0px calc(var(--kit-widget-spacing, 0px) + 0px) 0px;}.elementor-101 .elementor-element.elementor-element-485e257 .elementor-heading-title{font-family:\"Arya\", Sans-serif;font-size:115px;color:var( --e-global-color-a9b469d );}.elementor-101 .elementor-element.elementor-element-0f11d08{--display:flex;--flex-direction:row;--container-widget-width:initial;--container-widget-height:100%;--container-widget-flex-grow:1;--container-widget-align-self:stretch;--flex-wrap-mobile:wrap;--gap:0px 0px;--row-gap:0px;--column-gap:0px;}.elementor-101 .elementor-element.elementor-element-a9fdd50{--display:flex;--flex-direction:column;--container-widget-width:100%;--container-widget-height:initial;--container-widget-flex-grow:0;--container-widget-align-self:initial;--flex-wrap-mobile:wrap;}.elementor-101 .elementor-element.elementor-element-04d8303{--display:flex;--flex-direction:column;--container-widget-width:100%;--container-widget-height:initial;--container-widget-flex-grow:0;--container-widget-align-self:initial;--flex-wrap-mobile:wrap;}.elementor-101 .elementor-element.elementor-element-9cf653c{--display:flex;--flex-direction:column;--container-widget-width:100%;--container-widget-height:initial;--container-widget-flex-grow:0;--container-widget-align-self:initial;--flex-wrap-mobile:wrap;}.elementor-101 .elementor-element.elementor-element-8c4e0e3{--image-transition-duration:800ms;--overlay-transition-duration:800ms;--content-text-align:center;--content-padding:20px;--content-transition-duration:800ms;--content-transition-delay:800ms;}.elementor-101 .elementor-element.elementor-element-8c4e0e3 .e-gallery-item:hover .elementor-gallery-item__overlay, .elementor-101 .elementor-element.elementor-element-8c4e0e3 .e-gallery-item:focus .elementor-gallery-item__overlay{background-color:rgba(0,0,0,0.5);}.elementor-101 .elementor-element.elementor-element-b52cfe6{--display:flex;--flex-direction:column;--container-widget-width:100%;--container-widget-height:initial;--container-widget-flex-grow:0;--container-widget-align-self:initial;--flex-wrap-mobile:wrap;}.elementor-101 .elementor-element.elementor-element-3c6bf6d iframe{height:539px;}.elementor-101 .elementor-element.elementor-element-c501bdf{--display:flex;--flex-direction:row;--container-widget-width:initial;--container-widget-height:100%;--container-widget-flex-grow:1;--container-widget-align-self:stretch;--flex-wrap-mobile:wrap;--gap:0px 0px;--row-gap:0px;--column-gap:0px;}.elementor-101 .elementor-element.elementor-element-28bc1e6{--display:flex;--flex-direction:column;--container-widget-width:100%;--container-widget-height:initial;--container-widget-flex-grow:0;--container-widget-align-self:initial;--flex-wrap-mobile:wrap;}.elementor-101 .elementor-element.elementor-element-6048b4c .elementor-icon-box-wrapper{gap:15px;}.elementor-101 .elementor-element.elementor-element-6048b4c .elementor-icon-box-title{color:var( --e-global-color-b9fc877 );}.elementor-101 .elementor-element.elementor-element-b0bf8f5{--display:flex;--flex-direction:column;--container-widget-width:100%;--container-widget-height:initial;--container-widget-flex-grow:0;--container-widget-align-self:initial;--flex-wrap-mobile:wrap;}.elementor-101 .elementor-element.elementor-element-e325e94 .elementor-icon-box-wrapper{gap:15px;}.elementor-101 .elementor-element.elementor-element-e325e94 .elementor-icon-box-title{color:var( --e-global-color-b9fc877 );}.elementor-101 .elementor-element.elementor-element-9b3eebf{--display:flex;--flex-direction:column;--container-widget-width:100%;--container-widget-height:initial;--container-widget-flex-grow:0;--container-widget-align-self:initial;--flex-wrap-mobile:wrap;}.elementor-101 .elementor-element.elementor-element-acb58b6 .elementor-icon-box-wrapper{gap:15px;}.elementor-101 .elementor-element.elementor-element-acb58b6 .elementor-icon-box-title{color:var( --e-global-color-b9fc877 );}.elementor-101 .elementor-element.elementor-element-a3d59e0{--display:flex;--flex-direction:column;--container-widget-width:100%;--container-widget-height:initial;--container-widget-flex-grow:0;--container-widget-align-self:initial;--flex-wrap-mobile:wrap;}@media(min-width:768px){.elementor-101 .elementor-element.elementor-element-a9fdd50{--width:50%;}.elementor-101 .elementor-element.elementor-element-04d8303{--width:50%;}.elementor-101 .elementor-element.elementor-element-28bc1e6{--width:25%;}.elementor-101 .elementor-element.elementor-element-b0bf8f5{--width:25%;}.elementor-101 .elementor-element.elementor-element-9b3eebf{--width:25%;}.elementor-101 .elementor-element.elementor-element-a3d59e0{--width:25%;}}<\/style>\t\t<div data-elementor-type=\"wp-page\" data-elementor-id=\"101\" class=\"elementor elementor-101\" data-elementor-post-type=\"page\">\n\t\t\t\t<div class=\"elementor-element elementor-element-4c28e6c e-flex e-con-boxed e-con e-parent\" data-id=\"4c28e6c\" data-element_type=\"container\" data-e-type=\"container\" data-settings=\"{&quot;background_background&quot;:&quot;classic&quot;}\">\n\t\t\t\t\t<div class=\"e-con-inner\">\n\t\t\t\t<div class=\"elementor-element elementor-element-485e257 elementor-widget elementor-widget-heading\" data-id=\"485e257\" data-element_type=\"widget\" data-e-type=\"widget\" data-widget_type=\"heading.default\">\n\t\t\t\t\t<h2 class=\"elementor-heading-title elementor-size-default\">Ez itt az oldal c\u00edme<\/h2>\t\t\t\t<\/div>\n\t\t\t\t\t<\/div>\n\t\t\t\t<\/div>\n\t\t<div class=\"elementor-element elementor-element-0f11d08 e-flex e-con-boxed e-con e-parent\" data-id=\"0f11d08\" data-element_type=\"container\" data-e-type=\"container\">\n\t\t\t\t\t<div class=\"e-con-inner\">\n\t\t<div class=\"elementor-element elementor-element-a9fdd50 e-con-full e-flex e-con e-child\" data-id=\"a9fdd50\" data-element_type=\"container\" data-e-type=\"container\">\n\t\t\t\t<div class=\"elementor-element elementor-element-fedf926 elementor-widget elementor-widget-image\" data-id=\"fedf926\" data-element_type=\"widget\" data-e-type=\"widget\" data-widget_type=\"image.default\">\n\t\t\t\t\t\t\t\t\t\t\t\t\t\t\t<img decoding=\"async\" width=\"800\" height=\"302\" src=\"https:\/\/dataxogroup.com\/wp-content\/uploads\/2024\/11\/part-of-large-contemporary-openspace-bureau-of-div-2023-11-27-05-28-56-utc-1-1024x386.jpg\" class=\"attachment-large size-large wp-image-94\" alt=\"\" srcset=\"https:\/\/dataxogroup.com\/wp-content\/uploads\/2024\/11\/part-of-large-contemporary-openspace-bureau-of-div-2023-11-27-05-28-56-utc-1-1024x386.jpg 1024w, https:\/\/dataxogroup.com\/wp-content\/uploads\/2024\/11\/part-of-large-contemporary-openspace-bureau-of-div-2023-11-27-05-28-56-utc-1-300x113.jpg 300w, https:\/\/dataxogroup.com\/wp-content\/uploads\/2024\/11\/part-of-large-contemporary-openspace-bureau-of-div-2023-11-27-05-28-56-utc-1-768x290.jpg 768w, https:\/\/dataxogroup.com\/wp-content\/uploads\/2024\/11\/part-of-large-contemporary-openspace-bureau-of-div-2023-11-27-05-28-56-utc-1.jpg 1140w\" sizes=\"(max-width: 800px) 100vw, 800px\" \/>\t\t\t\t\t\t\t\t\t\t\t\t\t\t\t<\/div>\n\t\t\t\t<\/div>\n\t\t<div class=\"elementor-element elementor-element-04d8303 e-con-full e-flex e-con e-child\" data-id=\"04d8303\" data-element_type=\"container\" data-e-type=\"container\">\n\t\t\t\t<div class=\"elementor-element elementor-element-55ea056 elementor-widget elementor-widget-heading\" data-id=\"55ea056\" data-element_type=\"widget\" data-e-type=\"widget\" data-widget_type=\"heading.default\">\n\t\t\t\t\t<h2 class=\"elementor-heading-title elementor-size-default\">Alc\u00edm sz\u00f6vege<\/h2>\t\t\t\t<\/div>\n\t\t\t\t<div class=\"elementor-element elementor-element-e7452fd elementor-widget elementor-widget-text-editor\" data-id=\"e7452fd\" data-element_type=\"widget\" data-e-type=\"widget\" data-widget_type=\"text-editor.default\">\n\t\t\t\t\t\t\t\t\t<p>Lorem ipsum dolor sit amet, consectetur adipiscing elit. Ut elit tellus, luctus nec ullamcorper mattis, pulvinar dapibus leo.<\/p>\t\t\t\t\t\t\t\t<\/div>\n\t\t\t\t<\/div>\n\t\t\t\t\t<\/div>\n\t\t\t\t<\/div>\n\t\t<div class=\"elementor-element elementor-element-9cf653c e-flex e-con-boxed e-con e-parent\" data-id=\"9cf653c\" data-element_type=\"container\" data-e-type=\"container\">\n\t\t\t\t\t<div class=\"e-con-inner\">\n\t\t\t\t<div class=\"elementor-element elementor-element-8c4e0e3 elementor-widget elementor-widget-gallery\" data-id=\"8c4e0e3\" data-element_type=\"widget\" data-e-type=\"widget\" data-settings=\"{&quot;gallery_layout&quot;:&quot;masonry&quot;,&quot;columns&quot;:3,&quot;gap&quot;:{&quot;unit&quot;:&quot;px&quot;,&quot;size&quot;:12,&quot;sizes&quot;:[]},&quot;lazyload&quot;:&quot;yes&quot;,&quot;columns_tablet&quot;:2,&quot;columns_mobile&quot;:1,&quot;gap_tablet&quot;:{&quot;unit&quot;:&quot;px&quot;,&quot;size&quot;:10,&quot;sizes&quot;:[]},&quot;gap_mobile&quot;:{&quot;unit&quot;:&quot;px&quot;,&quot;size&quot;:10,&quot;sizes&quot;:[]},&quot;link_to&quot;:&quot;file&quot;,&quot;overlay_background&quot;:&quot;yes&quot;,&quot;content_hover_animation&quot;:&quot;fade-in&quot;}\" data-widget_type=\"gallery.default\">\n\t\t\t\t\t\t\t<div class=\"elementor-gallery__container\">\n\t\t\t\t\t\t\t<a class=\"e-gallery-item elementor-gallery-item elementor-animated-content\" href=\"https:\/\/dataxogroup.com\/wp-content\/uploads\/2024\/11\/part-of-large-contemporary-openspace-bureau-of-div-2023-11-27-05-28-56-utc-1.jpg\" data-elementor-open-lightbox=\"yes\" data-elementor-lightbox-slideshow=\"8c4e0e3\" data-elementor-lightbox-title=\"part-of-large-contemporary-openspace-bureau-of-div-2023-11-27-05-28-56-utc-1.jpg\" data-e-action-hash=\"#elementor-action%3Aaction%3Dlightbox%26settings%3DeyJpZCI6OTQsInVybCI6Imh0dHBzOlwvXC9kYXRheG9ncm91cC5jb21cL3dwLWNvbnRlbnRcL3VwbG9hZHNcLzIwMjRcLzExXC9wYXJ0LW9mLWxhcmdlLWNvbnRlbXBvcmFyeS1vcGVuc3BhY2UtYnVyZWF1LW9mLWRpdi0yMDIzLTExLTI3LTA1LTI4LTU2LXV0Yy0xLmpwZyIsInNsaWRlc2hvdyI6IjhjNGUwZTMifQ%3D%3D\">\n\t\t\t\t\t<div class=\"e-gallery-image elementor-gallery-item__image\" data-thumbnail=\"https:\/\/dataxogroup.com\/wp-content\/uploads\/2024\/11\/part-of-large-contemporary-openspace-bureau-of-div-2023-11-27-05-28-56-utc-1-300x113.jpg\" data-width=\"300\" data-height=\"113\" aria-label=\"\" role=\"img\" ><\/div>\n\t\t\t\t\t\t\t\t\t\t\t<div class=\"elementor-gallery-item__overlay\"><\/div>\n\t\t\t\t\t\t\t\t\t\t\t\t\t\t<\/a>\n\t\t\t\t\t\t\t<a class=\"e-gallery-item elementor-gallery-item elementor-animated-content\" href=\"https:\/\/dataxogroup.com\/wp-content\/uploads\/2024\/11\/individually-good-collectively-great-2024-06-27-21-58-34-utc-2-1.jpg\" data-elementor-open-lightbox=\"yes\" data-elementor-lightbox-slideshow=\"8c4e0e3\" data-elementor-lightbox-title=\"individually-good-collectively-great-2024-06-27-21-58-34-utc-2-1.jpg\" data-e-action-hash=\"#elementor-action%3Aaction%3Dlightbox%26settings%3DeyJpZCI6NjIsInVybCI6Imh0dHBzOlwvXC9kYXRheG9ncm91cC5jb21cL3dwLWNvbnRlbnRcL3VwbG9hZHNcLzIwMjRcLzExXC9pbmRpdmlkdWFsbHktZ29vZC1jb2xsZWN0aXZlbHktZ3JlYXQtMjAyNC0wNi0yNy0yMS01OC0zNC11dGMtMi0xLmpwZyIsInNsaWRlc2hvdyI6IjhjNGUwZTMifQ%3D%3D\">\n\t\t\t\t\t<div class=\"e-gallery-image elementor-gallery-item__image\" data-thumbnail=\"https:\/\/dataxogroup.com\/wp-content\/uploads\/2024\/11\/individually-good-collectively-great-2024-06-27-21-58-34-utc-2-1.jpg\" data-width=\"124\" data-height=\"124\" aria-label=\"\" role=\"img\" ><\/div>\n\t\t\t\t\t\t\t\t\t\t\t<div class=\"elementor-gallery-item__overlay\"><\/div>\n\t\t\t\t\t\t\t\t\t\t\t\t\t\t<\/a>\n\t\t\t\t\t\t\t<a class=\"e-gallery-item elementor-gallery-item elementor-animated-content\" href=\"https:\/\/dataxogroup.com\/wp-content\/uploads\/2024\/11\/individually-good-collectively-great-2024-06-27-21-58-34-utc-3.jpg\" data-elementor-open-lightbox=\"yes\" data-elementor-lightbox-slideshow=\"8c4e0e3\" data-elementor-lightbox-title=\"individually-good-collectively-great-2024-06-27-21-58-34-utc-3.jpg\" data-e-action-hash=\"#elementor-action%3Aaction%3Dlightbox%26settings%3DeyJpZCI6NjEsInVybCI6Imh0dHBzOlwvXC9kYXRheG9ncm91cC5jb21cL3dwLWNvbnRlbnRcL3VwbG9hZHNcLzIwMjRcLzExXC9pbmRpdmlkdWFsbHktZ29vZC1jb2xsZWN0aXZlbHktZ3JlYXQtMjAyNC0wNi0yNy0yMS01OC0zNC11dGMtMy5qcGciLCJzbGlkZXNob3ciOiI4YzRlMGUzIn0%3D\">\n\t\t\t\t\t<div class=\"e-gallery-image elementor-gallery-item__image\" data-thumbnail=\"https:\/\/dataxogroup.com\/wp-content\/uploads\/2024\/11\/individually-good-collectively-great-2024-06-27-21-58-34-utc-3.jpg\" data-width=\"124\" data-height=\"124\" aria-label=\"\" role=\"img\" ><\/div>\n\t\t\t\t\t\t\t\t\t\t\t<div class=\"elementor-gallery-item__overlay\"><\/div>\n\t\t\t\t\t\t\t\t\t\t\t\t\t\t<\/a>\n\t\t\t\t\t\t\t<a class=\"e-gallery-item elementor-gallery-item elementor-animated-content\" href=\"https:\/\/dataxogroup.com\/wp-content\/uploads\/2024\/11\/individually-good-collectively-great-2024-06-27-21-58-34-utc-4.jpg\" data-elementor-open-lightbox=\"yes\" data-elementor-lightbox-slideshow=\"8c4e0e3\" data-elementor-lightbox-title=\"individually-good-collectively-great-2024-06-27-21-58-34-utc-4.jpg\" data-e-action-hash=\"#elementor-action%3Aaction%3Dlightbox%26settings%3DeyJpZCI6NjAsInVybCI6Imh0dHBzOlwvXC9kYXRheG9ncm91cC5jb21cL3dwLWNvbnRlbnRcL3VwbG9hZHNcLzIwMjRcLzExXC9pbmRpdmlkdWFsbHktZ29vZC1jb2xsZWN0aXZlbHktZ3JlYXQtMjAyNC0wNi0yNy0yMS01OC0zNC11dGMtNC5qcGciLCJzbGlkZXNob3ciOiI4YzRlMGUzIn0%3D\">\n\t\t\t\t\t<div class=\"e-gallery-image elementor-gallery-item__image\" data-thumbnail=\"https:\/\/dataxogroup.com\/wp-content\/uploads\/2024\/11\/individually-good-collectively-great-2024-06-27-21-58-34-utc-4.jpg\" data-width=\"124\" data-height=\"124\" aria-label=\"\" role=\"img\" ><\/div>\n\t\t\t\t\t\t\t\t\t\t\t<div class=\"elementor-gallery-item__overlay\"><\/div>\n\t\t\t\t\t\t\t\t\t\t\t\t\t\t<\/a>\n\t\t\t\t\t\t\t<a class=\"e-gallery-item elementor-gallery-item elementor-animated-content\" href=\"https:\/\/dataxogroup.com\/wp-content\/uploads\/2024\/11\/vertical-photo-of-arabian-businessman-teacher-lect-2023-11-27-05-21-10-utc-1.jpg\" data-elementor-open-lightbox=\"yes\" data-elementor-lightbox-slideshow=\"8c4e0e3\" data-elementor-lightbox-title=\"vertical-photo-of-arabian-businessman-teacher-lect-2023-11-27-05-21-10-utc-1.jpg\" data-e-action-hash=\"#elementor-action%3Aaction%3Dlightbox%26settings%3DeyJpZCI6NTksInVybCI6Imh0dHBzOlwvXC9kYXRheG9ncm91cC5jb21cL3dwLWNvbnRlbnRcL3VwbG9hZHNcLzIwMjRcLzExXC92ZXJ0aWNhbC1waG90by1vZi1hcmFiaWFuLWJ1c2luZXNzbWFuLXRlYWNoZXItbGVjdC0yMDIzLTExLTI3LTA1LTIxLTEwLXV0Yy0xLmpwZyIsInNsaWRlc2hvdyI6IjhjNGUwZTMifQ%3D%3D\">\n\t\t\t\t\t<div class=\"e-gallery-image elementor-gallery-item__image\" data-thumbnail=\"https:\/\/dataxogroup.com\/wp-content\/uploads\/2024\/11\/vertical-photo-of-arabian-businessman-teacher-lect-2023-11-27-05-21-10-utc-1-300x297.jpg\" data-width=\"300\" data-height=\"297\" aria-label=\"\" role=\"img\" ><\/div>\n\t\t\t\t\t\t\t\t\t\t\t<div class=\"elementor-gallery-item__overlay\"><\/div>\n\t\t\t\t\t\t\t\t\t\t\t\t\t\t<\/a>\n\t\t\t\t\t\t\t<a class=\"e-gallery-item elementor-gallery-item elementor-animated-content\" href=\"https:\/\/dataxogroup.com\/wp-content\/uploads\/2024\/11\/young-elegant-successful-agent-or-accountant-with-2023-11-27-05-02-39-utc-1.jpg\" data-elementor-open-lightbox=\"yes\" data-elementor-lightbox-slideshow=\"8c4e0e3\" data-elementor-lightbox-title=\"young-elegant-successful-agent-or-accountant-with-2023-11-27-05-02-39-utc-1.jpg\" data-e-action-hash=\"#elementor-action%3Aaction%3Dlightbox%26settings%3DeyJpZCI6NTgsInVybCI6Imh0dHBzOlwvXC9kYXRheG9ncm91cC5jb21cL3dwLWNvbnRlbnRcL3VwbG9hZHNcLzIwMjRcLzExXC95b3VuZy1lbGVnYW50LXN1Y2Nlc3NmdWwtYWdlbnQtb3ItYWNjb3VudGFudC13aXRoLTIwMjMtMTEtMjctMDUtMDItMzktdXRjLTEuanBnIiwic2xpZGVzaG93IjoiOGM0ZTBlMyJ9\">\n\t\t\t\t\t<div class=\"e-gallery-image elementor-gallery-item__image\" data-thumbnail=\"https:\/\/dataxogroup.com\/wp-content\/uploads\/2024\/11\/young-elegant-successful-agent-or-accountant-with-2023-11-27-05-02-39-utc-1-300x297.jpg\" data-width=\"300\" data-height=\"297\" aria-label=\"\" role=\"img\" ><\/div>\n\t\t\t\t\t\t\t\t\t\t\t<div class=\"elementor-gallery-item__overlay\"><\/div>\n\t\t\t\t\t\t\t\t\t\t\t\t\t\t<\/a>\n\t\t\t\t\t\t\t<a class=\"e-gallery-item elementor-gallery-item elementor-animated-content\" href=\"https:\/\/dataxogroup.com\/wp-content\/uploads\/2024\/11\/african-american-female-operator-working-with-head-2023-11-27-05-04-05-utc-1.jpg\" data-elementor-open-lightbox=\"yes\" data-elementor-lightbox-slideshow=\"8c4e0e3\" data-elementor-lightbox-title=\"african-american-female-operator-working-with-head-2023-11-27-05-04-05-utc-1.jpg\" data-e-action-hash=\"#elementor-action%3Aaction%3Dlightbox%26settings%3DeyJpZCI6NjQsInVybCI6Imh0dHBzOlwvXC9kYXRheG9ncm91cC5jb21cL3dwLWNvbnRlbnRcL3VwbG9hZHNcLzIwMjRcLzExXC9hZnJpY2FuLWFtZXJpY2FuLWZlbWFsZS1vcGVyYXRvci13b3JraW5nLXdpdGgtaGVhZC0yMDIzLTExLTI3LTA1LTA0LTA1LXV0Yy0xLmpwZyIsInNsaWRlc2hvdyI6IjhjNGUwZTMifQ%3D%3D\">\n\t\t\t\t\t<div class=\"e-gallery-image elementor-gallery-item__image\" data-thumbnail=\"https:\/\/dataxogroup.com\/wp-content\/uploads\/2024\/11\/african-american-female-operator-working-with-head-2023-11-27-05-04-05-utc-1-277x300.jpg\" data-width=\"277\" data-height=\"300\" aria-label=\"\" role=\"img\" ><\/div>\n\t\t\t\t\t\t\t\t\t\t\t<div class=\"elementor-gallery-item__overlay\"><\/div>\n\t\t\t\t\t\t\t\t\t\t\t\t\t\t<\/a>\n\t\t\t\t\t<\/div>\n\t\t\t\t\t<\/div>\n\t\t\t\t\t<\/div>\n\t\t\t\t<\/div>\n\t\t<div class=\"elementor-element elementor-element-b52cfe6 e-flex e-con-boxed e-con e-parent\" data-id=\"b52cfe6\" data-element_type=\"container\" data-e-type=\"container\">\n\t\t\t\t\t<div class=\"e-con-inner\">\n\t\t\t\t<div class=\"elementor-element elementor-element-3c6bf6d elementor-widget elementor-widget-google_maps\" data-id=\"3c6bf6d\" data-element_type=\"widget\" data-e-type=\"widget\" data-widget_type=\"google_maps.default\">\n\t\t\t\t\t\t\t<div class=\"elementor-custom-embed\">\n\t\t\t<iframe loading=\"lazy\"\n\t\t\t\t\tsrc=\"https:\/\/maps.google.com\/maps?q=sz%C3%A1zhalombatta%20m%C5%B1szer%C3%A9sz%20k%C3%B6z%204&#038;t=m&#038;z=15&#038;output=embed&#038;iwloc=near\"\n\t\t\t\t\ttitle=\"sz\u00e1zhalombatta m\u0171szer\u00e9sz k\u00f6z 4\"\n\t\t\t\t\taria-label=\"sz\u00e1zhalombatta m\u0171szer\u00e9sz k\u00f6z 4\"\n\t\t\t><\/iframe>\n\t\t<\/div>\n\t\t\t\t\t\t<\/div>\n\t\t\t\t\t<\/div>\n\t\t\t\t<\/div>\n\t\t<div class=\"elementor-element elementor-element-c501bdf e-flex e-con-boxed e-con e-parent\" data-id=\"c501bdf\" data-element_type=\"container\" data-e-type=\"container\">\n\t\t\t\t\t<div class=\"e-con-inner\">\n\t\t<div class=\"elementor-element elementor-element-28bc1e6 e-con-full e-flex e-con e-child\" data-id=\"28bc1e6\" data-element_type=\"container\" data-e-type=\"container\">\n\t\t\t\t<div class=\"elementor-element elementor-element-6048b4c elementor-view-default elementor-position-block-start elementor-mobile-position-block-start elementor-widget elementor-widget-icon-box\" data-id=\"6048b4c\" data-element_type=\"widget\" data-e-type=\"widget\" data-widget_type=\"icon-box.default\">\n\t\t\t\t\t\t\t<div class=\"elementor-icon-box-wrapper\">\n\n\t\t\t\t\t\t<div class=\"elementor-icon-box-icon\">\n\t\t\t\t<span  class=\"elementor-icon\">\n\t\t\t\t<i aria-hidden=\"true\" class=\"jki jki-checked1-light\"><\/i>\t\t\t\t<\/span>\n\t\t\t<\/div>\n\t\t\t\n\t\t\t\t\t\t<div class=\"elementor-icon-box-content\">\n\n\t\t\t\t\t\t\t\t\t<h3 class=\"elementor-icon-box-title\">\n\t\t\t\t\t\t<span  >\n\t\t\t\t\t\t\tFasz\u00e1k vagyunk\t\t\t\t\t\t<\/span>\n\t\t\t\t\t<\/h3>\n\t\t\t\t\n\t\t\t\t\t\t\t\t\t<p class=\"elementor-icon-box-description\">\n\t\t\t\t\t\tDe t\u00e9nyleg\t\t\t\t\t<\/p>\n\t\t\t\t\n\t\t\t<\/div>\n\t\t\t\n\t\t<\/div>\n\t\t\t\t\t\t<\/div>\n\t\t\t\t<\/div>\n\t\t<div class=\"elementor-element elementor-element-b0bf8f5 e-con-full e-flex e-con e-child\" data-id=\"b0bf8f5\" data-element_type=\"container\" data-e-type=\"container\">\n\t\t\t\t<div class=\"elementor-element elementor-element-e325e94 elementor-view-default elementor-position-block-start elementor-mobile-position-block-start elementor-widget elementor-widget-icon-box\" data-id=\"e325e94\" data-element_type=\"widget\" data-e-type=\"widget\" data-widget_type=\"icon-box.default\">\n\t\t\t\t\t\t\t<div class=\"elementor-icon-box-wrapper\">\n\n\t\t\t\t\t\t<div class=\"elementor-icon-box-icon\">\n\t\t\t\t<span  class=\"elementor-icon\">\n\t\t\t\t<i aria-hidden=\"true\" class=\"jki jki-chat-1-light\"><\/i>\t\t\t\t<\/span>\n\t\t\t<\/div>\n\t\t\t\n\t\t\t\t\t\t<div class=\"elementor-icon-box-content\">\n\n\t\t\t\t\t\t\t\t\t<h3 class=\"elementor-icon-box-title\">\n\t\t\t\t\t\t<span  >\n\t\t\t\t\t\t\tFasz\u00e1k asdf\t\t\t\t\t\t<\/span>\n\t\t\t\t\t<\/h3>\n\t\t\t\t\n\t\t\t\t\t\t\t\t\t<p class=\"elementor-icon-box-description\">\n\t\t\t\t\t\tsdf\t\t\t\t\t<\/p>\n\t\t\t\t\n\t\t\t<\/div>\n\t\t\t\n\t\t<\/div>\n\t\t\t\t\t\t<\/div>\n\t\t\t\t<\/div>\n\t\t<div class=\"elementor-element elementor-element-9b3eebf e-con-full e-flex e-con e-child\" data-id=\"9b3eebf\" data-element_type=\"container\" data-e-type=\"container\">\n\t\t\t\t<div class=\"elementor-element elementor-element-acb58b6 elementor-view-default elementor-position-block-start elementor-mobile-position-block-start elementor-widget elementor-widget-icon-box\" data-id=\"acb58b6\" data-element_type=\"widget\" data-e-type=\"widget\" data-widget_type=\"icon-box.default\">\n\t\t\t\t\t\t\t<div class=\"elementor-icon-box-wrapper\">\n\n\t\t\t\t\t\t<div class=\"elementor-icon-box-icon\">\n\t\t\t\t<span  class=\"elementor-icon\">\n\t\t\t\t<i aria-hidden=\"true\" class=\"jki jki-chat-1-light\"><\/i>\t\t\t\t<\/span>\n\t\t\t<\/div>\n\t\t\t\n\t\t\t\t\t\t<div class=\"elementor-icon-box-content\">\n\n\t\t\t\t\t\t\t\t\t<h3 class=\"elementor-icon-box-title\">\n\t\t\t\t\t\t<span  >\n\t\t\t\t\t\t\tFasz\u00e1k asdf\t\t\t\t\t\t<\/span>\n\t\t\t\t\t<\/h3>\n\t\t\t\t\n\t\t\t\t\t\t\t\t\t<p class=\"elementor-icon-box-description\">\n\t\t\t\t\t\tsdf\t\t\t\t\t<\/p>\n\t\t\t\t\n\t\t\t<\/div>\n\t\t\t\n\t\t<\/div>\n\t\t\t\t\t\t<\/div>\n\t\t\t\t<\/div>\n\t\t<div class=\"elementor-element elementor-element-a3d59e0 e-con-full e-flex e-con e-child\" data-id=\"a3d59e0\" data-element_type=\"container\" data-e-type=\"container\">\n\t\t\t\t<\/div>\n\t\t\t\t\t<\/div>\n\t\t\t\t<\/div>\n\t\t\t\t<\/div>","protected":false},"excerpt":{"rendered":"<p>Ez itt az oldal c\u00edme Alc\u00edm sz\u00f6vege Lorem ipsum dolor sit amet, consectetur adipiscing elit. Ut elit tellus, luctus nec ullamcorper mattis, pulvinar dapibus leo. Fasz\u00e1k vagyunk De t\u00e9nyleg Fasz\u00e1k asdf sdf Fasz\u00e1k asdf sdf<\/p>","protected":false},"author":1,"featured_media":0,"parent":0,"menu_order":0,"comment_status":"closed","ping_status":"closed","template":"","meta":{"footnotes":""},"class_list":["post-101","page","type-page","status-publish","hentry"],"_links":{"self":[{"href":"https:\/\/dataxogroup.com\/en\/wp-json\/wp\/v2\/pages\/101","targetHints":{"allow":["GET"]}}],"collection":[{"href":"https:\/\/dataxogroup.com\/en\/wp-json\/wp\/v2\/pages"}],"about":[{"href":"https:\/\/dataxogroup.com\/en\/wp-json\/wp\/v2\/types\/page"}],"author":[{"embeddable":true,"href":"https:\/\/dataxogroup.com\/en\/wp-json\/wp\/v2\/users\/1"}],"replies":[{"embeddable":true,"href":"https:\/\/dataxogroup.com\/en\/wp-json\/wp\/v2\/comments?post=101"}],"version-history":[{"count":5,"href":"https:\/\/dataxogroup.com\/en\/wp-json\/wp\/v2\/pages\/101\/revisions"}],"predecessor-version":[{"id":106,"href":"https:\/\/dataxogroup.com\/en\/wp-json\/wp\/v2\/pages\/101\/revisions\/106"}],"wp:attachment":[{"href":"https:\/\/dataxogroup.com\/en\/wp-json\/wp\/v2\/media?parent=101"}],"curies":[{"name":"wp","href":"https:\/\/api.w.org\/{rel}","templated":true}]}}